{"id":74,"date":"2018-03-08T10:17:18","date_gmt":"2018-03-08T09:17:18","guid":{"rendered":"https:\/\/filt.extendio.se\/index.php\/produkt\/filtmakeriets-klassiska-ullgarn-1-tr\/"},"modified":"2026-04-03T20:25:05","modified_gmt":"2026-04-03T18:25:05","slug":"filtmakeriets-klassiska-ullgarn-1-tr","status":"publish","type":"product","link":"https:\/\/filt.extendio.se\/index.php\/produkt\/filtmakeriets-klassiska-ullgarn-1-tr\/","title":{"rendered":"KLASSISKT ULLGARN 1-tr"},"content":{"rendered":"<section class=\"l-section wpb_row us_custom_8591a7b2 height_small width_full\"><div class=\"l-section-h i-cf\"><div class=\"g-cols vc_row via_grid cols_1 laptops-cols_inherit tablets-cols_inherit mobiles-cols_1 valign_top type_default stacking_default\"><div class=\"wpb_column vc_column_container\"><div class=\"vc_column-inner\"><div class=\"wpb_text_column\"><div class=\"wpb_wrapper\"><h3>Produktinformation<\/h3>\n<\/div><\/div><div class=\"w-separator size_custom\" style=\"height:24px\"><\/div><div class=\"wpb_text_column\"><div class=\"wpb_wrapper\"><h4>INNEH\u00c5LL OCH EGENSKAPER<\/h4>\n<p class=\"p1\">Vi blandar gotlandsull, leicester och gobel\u00e4ngull f\u00f6r att f\u00e5 en sk\u00f6n balans i garnet. Garnet \u00e4r mjukt och ger sk\u00f6n glans, z-spunnet och finns i 5 naturf\u00e4rger. Garnet passar till tunna, l\u00e4tta kl\u00e4desplagg och hemtextilier. Ullens har alla sina naturliga egenskaper i beh\u00e5ll och inneh\u00e5ller inga tillsatta kemikalier.<\/p>\n<\/div><\/div><div class=\"w-separator size_custom\" style=\"height:24px\"><\/div><div class=\"wpb_text_column\"><div class=\"wpb_wrapper\"><h4>TILLVERKNING<\/h4>\n<p class=\"p1\">Filtmakeriet tillverkar kardgarn av 100 % svensk f\u00e5rull. Det g\u00e5r att k\u00f6pa vridna h\u00e4rvor ca 1hg eller hanks 10 st \/ ca 1 kilo. Svensk f\u00e5rull kan se v\u00e4ldigt olika ut vilket g\u00f6r arbetet till en intressant utmaning. Vi arbetar n\u00e4ra r\u00e5materialet genom hela beredningsprocessen och alla moment sker under ett och samma tak, av Filtmakeriet i ullspinneriet i Kilafors H\u00e4lsingland.<\/p>\n<\/div><\/div><div class=\"w-separator size_custom\" style=\"height:24px\"><\/div><div class=\"wpb_text_column\"><div class=\"wpb_wrapper\"><h4>HANDTV\u00c4TT<\/h4>\n<p>Vi rekommenderar v\u00e4dring och handtv\u00e4tt. Ullen \u00e4r ej standardiserad, ej superwashbehandlat och inneh\u00e5ller inga tillsatta kemikalier. Ullen \u00e4r ist\u00e4llet skonsamt behandlad och har alla naturliga egenskaper i beh\u00e5ll, plagg och textiler b\u00f6r tv\u00e4ttas f\u00f6r hand.<\/p>\n<\/div><\/div><\/div><\/div><\/div><\/div><\/section>\n","protected":false},"excerpt":{"rendered":"<p>Ullsort Gotlandsull \/ Leicester \/ Gobel\u00e4ngull.<br \/>\n450 m \/ 100 g<br \/>\nStickfasthet (sticka x) xx m 10 cm<br \/>\n100 % svensk f\u00e5rull och svensk tillverkning<\/p>\n","protected":false},"featured_media":75,"comment_status":"closed","ping_status":"closed","template":"","meta":{"_acf_changed":false,"_relevanssi_hide_post":"","_relevanssi_hide_content":"","_relevanssi_pin_for_all":"","_relevanssi_pin_keywords":"","_relevanssi_unpin_keywords":"","_relevanssi_related_keywords":"","_relevanssi_related_include_ids":"","_relevanssi_related_exclude_ids":"","_relevanssi_related_no_append":"","_relevanssi_related_not_related":"","_relevanssi_related_posts":"","_relevanssi_noindex_reason":""},"product_brand":[],"product_cat":[23,22],"product_tag":[],"class_list":{"0":"post-74","1":"product","2":"type-product","3":"status-publish","4":"has-post-thumbnail","6":"product_cat-filtmakeriets-klassiska-ullgarn","7":"product_cat-ullgarn-stickbeskrivningar-vavnotor","8":"pa_farg-brungra","9":"pa_farg-gra","10":"pa_farg-ljusgra","11":"pa_farg-mork-grabrun","12":"pa_farg-naturvit","14":"first","15":"instock","16":"shipping-taxable","17":"purchasable","18":"product-type-variable"},"acf":[],"_links":{"self":[{"href":"https:\/\/filt.extendio.se\/index.php\/wp-json\/wp\/v2\/product\/74","targetHints":{"allow":["GET"]}}],"collection":[{"href":"https:\/\/filt.extendio.se\/index.php\/wp-json\/wp\/v2\/product"}],"about":[{"href":"https:\/\/filt.extendio.se\/index.php\/wp-json\/wp\/v2\/types\/product"}],"replies":[{"embeddable":true,"href":"https:\/\/filt.extendio.se\/index.php\/wp-json\/wp\/v2\/comments?post=74"}],"wp:featuredmedia":[{"embeddable":true,"href":"https:\/\/filt.extendio.se\/index.php\/wp-json\/wp\/v2\/media\/75"}],"wp:attachment":[{"href":"https:\/\/filt.extendio.se\/index.php\/wp-json\/wp\/v2\/media?parent=74"}],"wp:term":[{"taxonomy":"product_brand","embeddable":true,"href":"https:\/\/filt.extendio.se\/index.php\/wp-json\/wp\/v2\/product_brand?post=74"},{"taxonomy":"product_cat","embeddable":true,"href":"https:\/\/filt.extendio.se\/index.php\/wp-json\/wp\/v2\/product_cat?post=74"},{"taxonomy":"product_tag","embeddable":true,"href":"https:\/\/filt.extendio.se\/index.php\/wp-json\/wp\/v2\/product_tag?post=74"}],"curies":[{"name":"wp","href":"https:\/\/api.w.org\/{rel}","templated":true}]}}