{"id":362,"date":"2018-03-27T14:51:33","date_gmt":"2018-03-27T12:51:33","guid":{"rendered":"https:\/\/filt.extendio.se\/index.php\/produkt\/babyplad-quiltvadd\/"},"modified":"2026-03-11T17:47:29","modified_gmt":"2026-03-11T16:47:29","slug":"babyplad-quiltvadd","status":"publish","type":"product","link":"https:\/\/filt.extendio.se\/index.php\/produkt\/babyplad-quiltvadd\/","title":{"rendered":"Babypl\u00e4d \/ quiltvadd"},"content":{"rendered":"<p>Ullen i quiltvadden \u00e4r ett levande naturmaterial som anpassar sig till r\u00e5dande temperaturskillnader s\u00e5 att pl\u00e4den alltid k\u00e4nns bekv\u00e4m. En ullpl\u00e4d &#8221;andas&#8221; vilket ger en sj\u00e4lvrenande effekt och ren trivsam k\u00e4nsla. Quiltvadden fungerar utm\u00e4rk i olika heminredningstextilier, den \u00e4r mjuk och f\u00f6ljsam att arbeta med vilket g\u00f6r att stickningen\/quiltningen blir b\u00e5de inspirerande och rolig.<\/p>\n","protected":false},"excerpt":{"rendered":"<h4>Varje baby borde ha minst en pl\u00e4d och ett t\u00e4cke stoppat med svensk f\u00e5rull!<\/h4>\n<p>Filtmakeriets quiltvadd av 100 % f\u00e5rull \u00e4r mjuk, f\u00f6ljsam och har m\u00e5nga sk\u00f6na egenskaper. Quiltvadden till babyt\u00e4cket \u00e4r ca 0.5 x 75 x 95 cm. och anv\u00e4ndas i enkelt lager mellan tv\u00e5 lager t\u00e4tt v\u00e4vt tyg. (Quiltvadden fungerar \u00e4ven utm\u00e4rk som mellanl\u00e4gg i fodrade tyger till barnkl\u00e4der). Sy f\u00f6r hand eller p\u00e5 maskin, avst\u00e5ndet mellan s\u00f6mmarna kan variera mellan 0,5-15 cm beroende p\u00e5 motiv och anv\u00e4ndningsomr\u00e5de. Trockla eller n\u00e5la ihop samtliga lager quiltvadd och tyg med s\u00e4kerhetsn\u00e5lar innan du b\u00f6rjar sy.\u00a0Quiltvadden produceras utan tillsatser och beh\u00f6ver inte tv\u00e4ttas innan den anv\u00e4nds. Vi rekommenderar att \u00a0produkter med quiltvadden i tv\u00e4ttas f\u00f6r hand alt. med skonsam ylletv\u00e4tt i maskin. Obs. att quiltvadden inte \u00e4r preparerad med n\u00e5gra kemikalier, ullen har alla sina naturliga egenskaper i beh\u00e5ll och kan p\u00e5verkas om tv\u00e4tten blir f\u00f6r kraftig.<\/p>\n<p><em>Bomullstyget, n\u00e5lar och tr\u00e5d som finns p\u00e5 bilden ing\u00e5r inte i detta pris, det \u00e4r endast quiltvadd som ing\u00e5r.<a href=\"https:\/\/filtmakeriet.se\/produkt\/bomullstyg-popline-extra-fine\/\"> L\u00e4s mer h\u00e4r om v\u00e5rt bomullstyg.<\/a><\/em><\/p>\n<ul>\n<li>Naturvit<\/li>\n<li>100 % svensk texelull med h\u00f6gkrusighet (finkrusig)<\/li>\n<li>ca 200 g \/ kvm<\/li>\n<\/ul>\n","protected":false},"featured_media":363,"comment_status":"closed","ping_status":"open","template":"","meta":{"_acf_changed":false,"_relevanssi_hide_post":"","_relevanssi_hide_content":"","_relevanssi_pin_for_all":"","_relevanssi_pin_keywords":"","_relevanssi_unpin_keywords":"","_relevanssi_related_keywords":"","_relevanssi_related_include_ids":"","_relevanssi_related_exclude_ids":"","_relevanssi_related_no_append":"","_relevanssi_related_not_related":"","_relevanssi_related_posts":"","_relevanssi_noindex_reason":""},"product_brand":[],"product_cat":[69],"product_tag":[],"class_list":{"0":"post-362","1":"product","2":"type-product","3":"status-publish","4":"has-post-thumbnail","6":"product_cat-ullstoppning-ullvadd-quiltvadd","8":"first","9":"instock","10":"shipping-taxable","11":"purchasable","12":"product-type-simple"},"acf":[],"_links":{"self":[{"href":"https:\/\/filt.extendio.se\/index.php\/wp-json\/wp\/v2\/product\/362","targetHints":{"allow":["GET"]}}],"collection":[{"href":"https:\/\/filt.extendio.se\/index.php\/wp-json\/wp\/v2\/product"}],"about":[{"href":"https:\/\/filt.extendio.se\/index.php\/wp-json\/wp\/v2\/types\/product"}],"replies":[{"embeddable":true,"href":"https:\/\/filt.extendio.se\/index.php\/wp-json\/wp\/v2\/comments?post=362"}],"wp:featuredmedia":[{"embeddable":true,"href":"https:\/\/filt.extendio.se\/index.php\/wp-json\/wp\/v2\/media\/363"}],"wp:attachment":[{"href":"https:\/\/filt.extendio.se\/index.php\/wp-json\/wp\/v2\/media?parent=362"}],"wp:term":[{"taxonomy":"product_brand","embeddable":true,"href":"https:\/\/filt.extendio.se\/index.php\/wp-json\/wp\/v2\/product_brand?post=362"},{"taxonomy":"product_cat","embeddable":true,"href":"https:\/\/filt.extendio.se\/index.php\/wp-json\/wp\/v2\/product_cat?post=362"},{"taxonomy":"product_tag","embeddable":true,"href":"https:\/\/filt.extendio.se\/index.php\/wp-json\/wp\/v2\/product_tag?post=362"}],"curies":[{"name":"wp","href":"https:\/\/api.w.org\/{rel}","templated":true}]}}