{"id":1235,"date":"2022-10-28T13:52:44","date_gmt":"2022-10-28T11:52:44","guid":{"rendered":"https:\/\/filt.extendio.se\/index.php\/produkt\/stickbeskrivning-sockor-och-tubsjal-i-lovikka\/"},"modified":"2026-03-11T17:49:33","modified_gmt":"2026-03-11T16:49:33","slug":"stickbeskrivning-sockor-och-tubsjal-i-lovikka","status":"publish","type":"product","link":"https:\/\/filt.extendio.se\/index.php\/produkt\/stickbeskrivning-sockor-och-tubsjal-i-lovikka\/","title":{"rendered":"STICKBESKRIVNING SOCKOR OCH TUBSJAL I LOVIKKA"},"content":{"rendered":"<p>Gratis stickm\u00f6nster finner du h\u00e4r i pdf-format.<\/p>\n<p><span style=\"color: #ff9900; font-size: 110%;\"><a style=\"color: #ff9900;\" href=\"https:\/\/filtmakeriet.se\/wp-content\/uploads\/2022\/10\/Lovikka-sockor-o-sjal.pdf\">Stickbeskrivning Lovikka sockor o sjal.pdf<\/a><\/span><br \/>\n<span style=\"color: #ff9900; font-size: 110%;\"><a style=\"color: #ff9900;\" href=\"https:\/\/filtmakeriet.se\/wp-content\/uploads\/2021\/10\/Filtmakeriets-Lovikka.pdf\">Filtmakeriets<\/a><a style=\"color: #ff9900;\" href=\"https:\/\/filtmakeriet.se\/wp-content\/uploads\/2021\/10\/Filtmakeriets-Lovikka.pdf\"> Lov<\/a><a style=\"color: #ff9900;\" href=\"https:\/\/filtmakeriet.se\/wp-content\/uploads\/2021\/10\/Filtmakeriets-Lovikka.pdf\">ikka.pdf<\/a><\/span><\/p>\n<p>&nbsp;<\/p>\n","protected":false},"excerpt":{"rendered":"<p>Filtmakeriets Lovikka \u00e4r ett mjukt och glansigt garn som \u00e4r mycket roligt att sticka med. Sticka volymrik sjal eller tjocka yllesockor! Tubsjalen stickas p\u00e5 sticka 9 och sockorna stickas p\u00e5 strumpsticka nr.5. En stickad socka i Filtmakeriets Lovikka kan g\u00f6ras t\u00e4tare genom att valkas i v\u00e5tt tillst\u00e5nd s\u00e5 den krymper ihop n\u00e5got. Valka s\u00e5 h\u00e4r: bl\u00f6t vanten i varmt vatten och tv\u00e5la in den med olivtv\u00e5l. Rulla ihop vanten och bearbeta den mot \u201dr\u00e4fflat\u201d underlag eller mellanh\u00e4nderna tills den blir tillr\u00e4ckligt t\u00e4t och fin.\u00a0Sk\u00f6lj i rent vatten, forma vanten och l\u00e5t den torka.<\/p>\n<p><span style=\"color: #ff9900; font-size: 110%;\"><a style=\"color: #ff9900;\" href=\"https:\/\/filtmakeriet.se\/wp-content\/uploads\/2022\/10\/Lovikka-sockor-o-sjal.pdf\">Stickbeskrivning Lovikka sockor o tubsjal.pdf<\/a><\/span><br \/>\n<span style=\"color: #ff9900; font-size: 110%;\"><a style=\"color: #ff9900;\" href=\"https:\/\/filtmakeriet.se\/wp-content\/uploads\/2021\/10\/Filtmakeriets-Lovikka.pdf\">Filtmakeriets<\/a><a style=\"color: #ff9900;\" href=\"https:\/\/filtmakeriet.se\/wp-content\/uploads\/2021\/10\/Filtmakeriets-Lovikka.pdf\"> Lov<\/a><a style=\"color: #ff9900;\" href=\"https:\/\/filtmakeriet.se\/wp-content\/uploads\/2021\/10\/Filtmakeriets-Lovikka.pdf\">ikka.pdf<\/a><\/span><\/p>\n<p>&nbsp;<\/p>\n","protected":false},"featured_media":1236,"comment_status":"closed","ping_status":"open","template":"","meta":{"_acf_changed":false,"_relevanssi_hide_post":"","_relevanssi_hide_content":"","_relevanssi_pin_for_all":"","_relevanssi_pin_keywords":"","_relevanssi_unpin_keywords":"","_relevanssi_related_keywords":"","_relevanssi_related_include_ids":"","_relevanssi_related_exclude_ids":"","_relevanssi_related_no_append":"","_relevanssi_related_not_related":"","_relevanssi_related_posts":"","_relevanssi_noindex_reason":""},"product_brand":[],"product_cat":[27,22],"product_tag":[],"class_list":{"0":"post-1235","1":"product","2":"type-product","3":"status-publish","4":"has-post-thumbnail","6":"product_cat-filtmakeriets-lovikka","7":"product_cat-ullgarn-stickbeskrivningar-vavnotor","8":"pa_farg-brungra","9":"pa_farg-gra","10":"pa_farg-ljusgra","11":"pa_farg-mork-grabrun","12":"pa_farg-naturvit","14":"first","15":"instock","16":"virtual","17":"product-type-simple"},"acf":[],"_links":{"self":[{"href":"https:\/\/filt.extendio.se\/index.php\/wp-json\/wp\/v2\/product\/1235","targetHints":{"allow":["GET"]}}],"collection":[{"href":"https:\/\/filt.extendio.se\/index.php\/wp-json\/wp\/v2\/product"}],"about":[{"href":"https:\/\/filt.extendio.se\/index.php\/wp-json\/wp\/v2\/types\/product"}],"replies":[{"embeddable":true,"href":"https:\/\/filt.extendio.se\/index.php\/wp-json\/wp\/v2\/comments?post=1235"}],"wp:featuredmedia":[{"embeddable":true,"href":"https:\/\/filt.extendio.se\/index.php\/wp-json\/wp\/v2\/media\/1236"}],"wp:attachment":[{"href":"https:\/\/filt.extendio.se\/index.php\/wp-json\/wp\/v2\/media?parent=1235"}],"wp:term":[{"taxonomy":"product_brand","embeddable":true,"href":"https:\/\/filt.extendio.se\/index.php\/wp-json\/wp\/v2\/product_brand?post=1235"},{"taxonomy":"product_cat","embeddable":true,"href":"https:\/\/filt.extendio.se\/index.php\/wp-json\/wp\/v2\/product_cat?post=1235"},{"taxonomy":"product_tag","embeddable":true,"href":"https:\/\/filt.extendio.se\/index.php\/wp-json\/wp\/v2\/product_tag?post=1235"}],"curies":[{"name":"wp","href":"https:\/\/api.w.org\/{rel}","templated":true}]}}