{"id":1216,"date":"2022-10-28T10:24:09","date_gmt":"2022-10-28T08:24:09","guid":{"rendered":"https:\/\/filt.extendio.se\/index.php\/produkt\/sjal-i-lovikka\/"},"modified":"2026-03-11T17:49:45","modified_gmt":"2026-03-11T16:49:45","slug":"sjal-i-lovikka","status":"publish","type":"product","link":"https:\/\/filt.extendio.se\/index.php\/produkt\/sjal-i-lovikka\/","title":{"rendered":"SJAL I LOVIKKA"},"content":{"rendered":"[section label=&#8221;Steps&#8221; bg_color=&#8221;rgba(0, 0, 0, 0.8)&#8221; dark=&#8221;true&#8221; padding=&#8221;60px&#8221; padding__sm=&#8221;0px&#8221;]\n[row]\n[col span__sm=&#8221;12&#8243;]\n[row_inner h_align=&#8221;center&#8221;]\n[col_inner span=&#8221;11&#8243; span__sm=&#8221;10&#8243; span__md=&#8221;11&#8243; padding=&#8221;50px 0px 0px 0px&#8221; margin=&#8221;0px 0px 0px 0px&#8221; align=&#8221;center&#8221;]\n[title style=&#8221;center&#8221; text=&#8221;SVENSK R\u00c5VARA och SVENSK TILLVERKNING&#8221; width=&#8221;80%&#8221; margin_bottom=&#8221;0px&#8221; size=&#8221;60&#8243;]\n<h2><span style=\"font-size: 130%;\">Sticka sjal i Filtmakeriets Lovikka<\/span><\/h2>\n[gap height=&#8221;30px&#8221;]\n[row_inner_1]\n[col_inner_1 span=&#8221;3&#8243; span__sm=&#8221;12&#8243;]\n<h3>STORLEK<\/h3>\n<p class=\"p1\"><span style=\"font-size: 90%;\"><strong>Storlek<\/strong>\u00a0ca 28 x 66 cm<\/span><br \/>\n<span style=\"font-size: 90%;\"><strong>Garn\u00e5tg\u00e5ng<\/strong>\u00a02 hg<\/span><br \/>\n<span style=\"font-size: 90%;\"><strong>Maskt\u00e4thet sl\u00e4tstickning<\/strong><\/span><br \/>\n<span style=\"font-size: 90%;\">Sticka 9 12m x 15v = 10x10cm<br \/>\nMed reservation f\u00f6r att maskt\u00e4theten \u00e4r sv\u00e5r att m\u00e4ta i en r\u00e4tstickad \u00a0kvalit\u00e9<br \/>\n<\/span><span style=\"font-size: 90%;\"><strong>Stickor<\/strong>\u00a0Nr. 9\u00a0ing\u00e5r ej <\/span><\/p>\n[\/col_inner_1]\n[col_inner_1 span=&#8221;3&#8243; span__sm=&#8221;12&#8243;]\n<h3>ULLSORT OCH EGENSKAPER<\/h3>\n<p class=\"p1\">Sjalen stickas i Filtmakeriets Lovikka av 100% svensk f\u00e5rull, (Gotland, Leicester och gobel\u00e4ng). En sjal i mjukt Lovikkagarn stickad p\u00e5 sticka 9 blir volymrik, mjuk och v\u00e4ldigt varm och h\u00e5ller kroppen v\u00e4ldigt varm i kalla v\u00e4der. Den \u00e4r enkel att sticka f\u00f6r b\u00e5de nyb\u00f6rjare o erfarna.<\/p>\n<p class=\"p1\">[\/col_inner_1]\n[col_inner_1 span=&#8221;3&#8243; span__sm=&#8221;12&#8243;]\n<h3>HANDTV\u00c4TT<\/h3>\n<p>Vi rekommenderar v\u00e4dring eller handtv\u00e4tt. Ullen \u00e4r ej standardiserad, ej superwashbehandlad och inneh\u00e5ller inga tillsatta kemikalier. Ullen \u00e4r skonsamt behandlad och har alla naturliga egenskaper i beh\u00e5ll och b\u00f6r tv\u00e4ttas f\u00f6r hand.<\/p>\n[\/col_inner_1]\n[col_inner_1 span=&#8221;3&#8243; span__sm=&#8221;12&#8243;]\n<h3>V\u00c5RT S\u00c4TT ATT TILLVERKA<\/h3>\n<p class=\"p1\">Filtmakeriet tillverkar kardgarn av 100 % svensk f\u00e5rull. Svensk f\u00e5rull kan se v\u00e4ldigt olika ut vilket g\u00f6r arbetet till en intressant utmaning. Vi arbetar n\u00e4ra r\u00e5materialet genom hela beredningsprocessen och alla moment sker under ett och samma tak i ullspinneriet, i Kilafors H\u00e4lsingland.<\/p>\n[\/col_inner_1]\n[\/row_inner_1]\n[\/col_inner]\n[\/row_inner]\n[\/col]\n[\/row]\n[\/section]\n","protected":false},"excerpt":{"rendered":"<p>Paket med Lovikkagarn ca 2 hg och stickbeskrivning.<\/p>\n<p>Filtmakeriets Lovikka \u00e4r ett mjukt och glansigt garn och \u00e4r mycket roligt att sticka med. H\u00e4r kan du best\u00e4lla ett paket med garn och stickbeskrivning som ber\u00e4ttar hur du stickar en mjuk och volymrik sjal som passar b\u00e5de m\u00e4n, kvinnor och barn.\u00a0<span style=\"color: #555555;\">Filtmakeriet har egen tillverkning och f\u00f6rs\u00e4ljning av Lovikkagarn i fem naturf\u00e4rger och f\u00e4rgad lovikka i tv\u00e5 f\u00e4rger. Samtliga best\u00e5r av 100% svensk f\u00e5rull.<\/span><\/p>\n<p><span style=\"color: #ff9900; font-size: 110%;\"><a style=\"color: #ff9900;\" href=\"https:\/\/filtmakeriet.se\/wp-content\/uploads\/2022\/10\/Lovikka-sockor-o-sjal.pdf\">Stickbeskrivning Lovikka sockor o sjal.pdf<\/a><\/span><br \/>\n<span style=\"color: #ff9900; font-size: 110%;\"><a style=\"color: #ff9900;\" href=\"https:\/\/filtmakeriet.se\/wp-content\/uploads\/2021\/10\/Filtmakeriets-Lovikka.pdf\">Filtmakeriets<\/a><a style=\"color: #ff9900;\" href=\"https:\/\/filtmakeriet.se\/wp-content\/uploads\/2021\/10\/Filtmakeriets-Lovikka.pdf\"> Lov<\/a><a style=\"color: #ff9900;\" href=\"https:\/\/filtmakeriet.se\/wp-content\/uploads\/2021\/10\/Filtmakeriets-Lovikka.pdf\">ikka.pdf<\/a><\/span><\/p>\n<p>&nbsp;<\/p>\n","protected":false},"featured_media":1217,"comment_status":"closed","ping_status":"open","template":"","meta":{"_acf_changed":false,"_relevanssi_hide_post":"","_relevanssi_hide_content":"","_relevanssi_pin_for_all":"","_relevanssi_pin_keywords":"","_relevanssi_unpin_keywords":"","_relevanssi_related_keywords":"","_relevanssi_related_include_ids":"","_relevanssi_related_exclude_ids":"","_relevanssi_related_no_append":"","_relevanssi_related_not_related":"","_relevanssi_related_posts":"","_relevanssi_noindex_reason":""},"product_brand":[],"product_cat":[27,66,22],"product_tag":[],"class_list":{"0":"post-1216","1":"product","2":"type-product","3":"status-publish","4":"has-post-thumbnail","6":"product_cat-filtmakeriets-lovikka","7":"product_cat-paket-garn-stickbeskrivning","8":"product_cat-ullgarn-stickbeskrivningar-vavnotor","9":"pa_farg-brungra","10":"pa_farg-gammelrosa","11":"pa_farg-gra","12":"pa_farg-guldgul","13":"pa_farg-khakigron","14":"pa_farg-ljusgra","15":"pa_farg-mork-grabrun","16":"pa_farg-mork-turkos","17":"pa_farg-naturvit","18":"pa_farg-rost","19":"pa_farg-vinrod","21":"first","22":"instock","23":"shipping-taxable","24":"purchasable","25":"product-type-variable"},"acf":[],"_links":{"self":[{"href":"https:\/\/filt.extendio.se\/index.php\/wp-json\/wp\/v2\/product\/1216","targetHints":{"allow":["GET"]}}],"collection":[{"href":"https:\/\/filt.extendio.se\/index.php\/wp-json\/wp\/v2\/product"}],"about":[{"href":"https:\/\/filt.extendio.se\/index.php\/wp-json\/wp\/v2\/types\/product"}],"replies":[{"embeddable":true,"href":"https:\/\/filt.extendio.se\/index.php\/wp-json\/wp\/v2\/comments?post=1216"}],"wp:featuredmedia":[{"embeddable":true,"href":"https:\/\/filt.extendio.se\/index.php\/wp-json\/wp\/v2\/media\/1217"}],"wp:attachment":[{"href":"https:\/\/filt.extendio.se\/index.php\/wp-json\/wp\/v2\/media?parent=1216"}],"wp:term":[{"taxonomy":"product_brand","embeddable":true,"href":"https:\/\/filt.extendio.se\/index.php\/wp-json\/wp\/v2\/product_brand?post=1216"},{"taxonomy":"product_cat","embeddable":true,"href":"https:\/\/filt.extendio.se\/index.php\/wp-json\/wp\/v2\/product_cat?post=1216"},{"taxonomy":"product_tag","embeddable":true,"href":"https:\/\/filt.extendio.se\/index.php\/wp-json\/wp\/v2\/product_tag?post=1216"}],"curies":[{"name":"wp","href":"https:\/\/api.w.org\/{rel}","templated":true}]}}